{"id":34,"date":"2018-11-14T00:01:00","date_gmt":"2018-11-13T23:01:00","guid":{"rendered":"https:\/\/quantenfrosch.at\/shop\/?post_type=product&#038;p=34"},"modified":"2025-11-08T18:29:36","modified_gmt":"2025-11-08T17:29:36","slug":"ssl-umstellung-ihrer-wordpress-website","status":"publish","type":"product","link":"https:\/\/quantenfrosch.at\/shop\/produkt\/ssl-umstellung-ihrer-wordpress-website\/","title":{"rendered":"SSL Umstellung Ihrer Wordpress Website"},"content":{"rendered":"<p><strong>Datenschutz<\/strong> ist das gro\u00dfe Thema unserer Zeit. Pers\u00f6nliche Daten d\u00fcrfen nur \u00fcbertragen werden, wenn der Kunde damit einverstanden ist. Bei dieser \u00dcbertragung muss ausgeschlossen werden, dass Dritte auf die Informationen zugreifen k\u00f6nnen. Das geschieht beim <strong>Datenaustausch im Internet<\/strong> beispielsweise durch <strong>SSL (Secure Sockets Layer)<\/strong>. Das entsprechende Zertifikat muss beantragt und eingerichtet werden. Nur damit ist garantiert, dass pers\u00f6nlichen Daten Ihrer Kunden, die beispielsweise in ein Kontaktformular eingegeben werden, auch gesch\u00fctzt sind.<\/p>\n<p>&nbsp;<\/p>\n<h2>Vertrauen schaffen mit dem SSL-Zertifikat<\/h2>\n<p>&nbsp;<\/p>\n<p>Sie erkennen eine Webseite mit SSL-Zertifikat daran, dass in der Adresszeile des Browsers \u201ehttps:\/\/\u201c vor der Domain steht. Steht dort nur \u201ehttp:\/\/\u201c erfolgt die Daten\u00fcbertragung ungesichert. Der Google Chrome Browser markiert solche Seiten inzwischen deutlich als <strong>unsicher<\/strong>, was keinen guten Eindruck bei Ihren Kunden macht. Sie verspielen <strong>Vertrauen<\/strong>, das beim <strong>E-Commerce<\/strong> besonders wichtig ist. Auch die Suchmaschine straft <strong>unsichere Seiten<\/strong> ab und listet sie weiter unten auf der Suchergebnis-Seite.<\/p>\n<p>&nbsp;<\/p>\n<h3>Was wird im Zuge der SSL Umstellung gemacht?<\/h3>\n<p>&nbsp;<\/p>\n<ul>\n<li>Es wird eine Sicherungskopie Ihrer WordPress-Website und der Datenbank erstellt.<\/li>\n<li>Das SSL-Zertifikat wird bei Ihrem Webhoster bestellt und eingerichtet.<\/li>\n<li>Die Daten\u00fcbertragung der Website wird umgestellt.<\/li>\n<li>Es wird eine Umleitung eingerichtet, die daf\u00fcr sorgt, dass die alten http-Links automatisch auf die gesicherte \u00dcbertragung geleitet werden.<\/li>\n<li>Nach der Umstellung wird eine zweite Sicherungskopie erstellt.<\/li>\n<\/ul>\n<p>&nbsp;<\/p>\n<p>Sie erhalten nach der Bestellung eine Best\u00e4tigungsmail mit einem Link zum Auftragsformular, mit dem alle erforderlichen Daten abgefragt werden.<\/p>\n<p>&nbsp;<\/p>\n<p><strong>Jetzt buchen und Kundendaten gesetzeskonform und sicher \u00fcbertragen!<\/strong><\/p>\n<p class=\"product woocommerce add_to_cart_inline \" style=\"border:4px solid #ccc; padding: 12px;\"><del aria-hidden=\"true\"><span class=\"woocommerce-Price-amount amount\"><bdi>90,00&nbsp;<span class=\"woocommerce-Price-currencySymbol\">&euro;<\/span><\/bdi><\/span><\/del> <span class=\"screen-reader-text\">Urspr\u00fcnglicher Preis war: 90,00&nbsp;&euro;<\/span><ins aria-hidden=\"true\"><span class=\"woocommerce-Price-amount amount\"><bdi>80,00&nbsp;<span class=\"woocommerce-Price-currencySymbol\">&euro;<\/span><\/bdi><\/span><\/ins><span class=\"screen-reader-text\">Aktueller Preis ist: 80,00&nbsp;&euro;.<\/span><a href=\"\/shop\/wp-json\/wp\/v2\/product\/34?add-to-cart=34\" aria-describedby=\"woocommerce_loop_add_to_cart_link_describedby_34\" data-quantity=\"1\" class=\"button product_type_simple add_to_cart_button ajax_add_to_cart\" data-product_id=\"34\" data-product_sku=\"0008\" aria-label=\"In den Warenkorb legen: \u201eSSL Umstellung Ihrer Wordpress Website\u201c\" rel=\"nofollow\" data-success_message=\"\u201eSSL Umstellung Ihrer Wordpress Website\u201c wurde deinem Warenkorb hinzugef\u00fcgt\">In den Warenkorb<\/a>\t<span id=\"woocommerce_loop_add_to_cart_link_describedby_34\" class=\"screen-reader-text\">\n\t\t\t<\/span>\n<\/p>\n","protected":false},"excerpt":{"rendered":"<p><strong>Sicherheitszertifikate<\/strong> sind bei der \u00dcbertragung von Daten im Internet wichtig. Im Zuge der <strong>Datenschutzgrundverordnung (DSGVO)<\/strong> sind sie unter bestimmten Voraussetzungen sogar zwingend vorgeschrieben. Ich stelle Ihre Webseite zum Festpreis auf eine sichere <strong>Daten\u00fcbertragung mit SSL-Zertifikat<\/strong> um.<\/p>\n","protected":false},"featured_media":84,"template":"","meta":[],"product_brand":[],"product_cat":[32],"product_tag":[44,33],"class_list":{"0":"post-34","1":"product","2":"type-product","3":"status-publish","4":"has-post-thumbnail","6":"product_cat-wordpress","7":"product_tag-datenschutz","8":"product_tag-ssl","10":"first","11":"instock","12":"sale","13":"virtual","14":"taxable","15":"purchasable","16":"product-type-simple"},"_links":{"self":[{"href":"https:\/\/quantenfrosch.at\/shop\/wp-json\/wp\/v2\/product\/34","targetHints":{"allow":["GET"]}}],"collection":[{"href":"https:\/\/quantenfrosch.at\/shop\/wp-json\/wp\/v2\/product"}],"about":[{"href":"https:\/\/quantenfrosch.at\/shop\/wp-json\/wp\/v2\/types\/product"}],"wp:featuredmedia":[{"embeddable":true,"href":"https:\/\/quantenfrosch.at\/shop\/wp-json\/wp\/v2\/media\/84"}],"wp:attachment":[{"href":"https:\/\/quantenfrosch.at\/shop\/wp-json\/wp\/v2\/media?parent=34"}],"wp:term":[{"taxonomy":"product_brand","embeddable":true,"href":"https:\/\/quantenfrosch.at\/shop\/wp-json\/wp\/v2\/product_brand?post=34"},{"taxonomy":"product_cat","embeddable":true,"href":"https:\/\/quantenfrosch.at\/shop\/wp-json\/wp\/v2\/product_cat?post=34"},{"taxonomy":"product_tag","embeddable":true,"href":"https:\/\/quantenfrosch.at\/shop\/wp-json\/wp\/v2\/product_tag?post=34"}],"curies":[{"name":"wp","href":"https:\/\/api.w.org\/{rel}","templated":true}]}}