{"id":36,"date":"2018-11-14T00:38:36","date_gmt":"2018-11-13T23:38:36","guid":{"rendered":"https:\/\/quantenfrosch.at\/shop\/?post_type=product&#038;p=36"},"modified":"2026-03-27T21:07:25","modified_gmt":"2026-03-27T20:07:25","slug":"google-ads-schulung","status":"publish","type":"product","link":"https:\/\/quantenfrosch.at\/shop\/produkt\/google-ads-schulung\/","title":{"rendered":"Google Ads Schulung"},"content":{"rendered":"<h2>Wie l\u00e4uft die Google Ads Schulung ab?<\/h2>\n<p>&nbsp;<\/p>\n<p>Der Ablauf Ihrer <strong>individuellen Google Ads-Schulung<\/strong> ist ganz einfach: Sie stellen Fragen und ich geben Ihnen die Antworten. Verstehen Sie dieses Coaching als M\u00f6glichkeit, Wissensl\u00fccken zu schlie\u00dfen. Bei der Durchf\u00fchrung haben Sie zwei Varianten zur Wahl. Sie k\u00f6nnen bequem am heimischen PC ein <strong>Webinar<\/strong> in Anspruch nehmen, bei dem Sie \u00fcber \u201e<strong>Screen Sharing<\/strong>\u201c meine Bildschirminhalte sehen und gleichzeitig telefonisch im Austausch mit mir stehen. Oder Sie w\u00e4hlen den direkten Kontakt bei einer <strong>Schulung in Wien<\/strong>. Als Zeitraum stehen Ihnen Termine werktags am Nachmittag oder Abend zur Verf\u00fcgung. Das <strong>Coaching<\/strong> wird in diesem Paket f\u00fcr eine Person angeboten. Gruppenschulungen sind nach Vereinbarung m\u00f6glich.<\/p>\n<p>&nbsp;<\/p>\n<h3>Was sind die Inhalte der Google Ads Schulung?<\/h3>\n<p>&nbsp;<\/p>\n<p>Sie bestimmen die Inhalte Ihrer Schulung selbst. Jeder Webseiten-Betreiber, der mit Google Ads arbeitet, hat andere Fragen. Vielleicht geht es um die Bedienung der Verwaltungsoberfl\u00e4che, um die Keyword-Recherche, die Anzeigentexte oder die Landingpage. Ihre <strong>individuelle Schulung<\/strong> k\u00f6nnen Sie so gestalten, dass Sie mit Ihrer <strong>Google Ads Kampagne<\/strong> weiterkommen und erfolgreich sind.<\/p>\n<p>&nbsp;<\/p>\n<p>Sie erhalten nach Ihrer Bestellung eine E-Mail-Best\u00e4tigung mit Informationen zur weiteren Vorgehensweise.<\/p>\n<p>&nbsp;<\/p>\n<p><strong>Jetzt buchen und erfolgreiche Google Ads Kampagnen erstellen!<\/strong><\/p>\n","protected":false},"excerpt":{"rendered":"<p><strong>60 Minuten<\/strong><\/p>\n<p>Mit <strong>Google Ads<\/strong> werden Sie unter bestimmten Voraussetzungen in der <strong>Suchmaschine ganz oben<\/strong> gelistet und k\u00f6nnen noch mehr potentielle Kunden auf Ihre Webseite holen. Voraussetzung f\u00fcr den Erfolg ist aber, dass Sie die <strong>Kampagne gut vorbereiten<\/strong>, relevante <strong>Suchbegriffe nutzen<\/strong>, das <strong>Budget sinnvoll einsetzen<\/strong> und \u00fcberzeugende Anzeigen entwerfen. Au\u00dferdem brauchen Sie eine <strong>Landingpage<\/strong>, die Besucher zu Kunden macht. In dieser individuellen Schulung lernen Sie, Ihre <strong>Google Ads Kampagnen<\/strong> zu <strong>optimieren<\/strong>.<\/p>\n","protected":false},"featured_media":103,"template":"","meta":[],"product_brand":[],"product_cat":[30],"product_tag":[31,38],"class_list":{"0":"post-36","1":"product","2":"type-product","3":"status-publish","4":"has-post-thumbnail","6":"product_cat-google-ads","7":"product_tag-marketing","8":"product_tag-schulungen","10":"first","11":"instock","12":"virtual","13":"taxable","14":"purchasable","15":"product-type-simple"},"_links":{"self":[{"href":"https:\/\/quantenfrosch.at\/shop\/wp-json\/wp\/v2\/product\/36","targetHints":{"allow":["GET"]}}],"collection":[{"href":"https:\/\/quantenfrosch.at\/shop\/wp-json\/wp\/v2\/product"}],"about":[{"href":"https:\/\/quantenfrosch.at\/shop\/wp-json\/wp\/v2\/types\/product"}],"wp:featuredmedia":[{"embeddable":true,"href":"https:\/\/quantenfrosch.at\/shop\/wp-json\/wp\/v2\/media\/103"}],"wp:attachment":[{"href":"https:\/\/quantenfrosch.at\/shop\/wp-json\/wp\/v2\/media?parent=36"}],"wp:term":[{"taxonomy":"product_brand","embeddable":true,"href":"https:\/\/quantenfrosch.at\/shop\/wp-json\/wp\/v2\/product_brand?post=36"},{"taxonomy":"product_cat","embeddable":true,"href":"https:\/\/quantenfrosch.at\/shop\/wp-json\/wp\/v2\/product_cat?post=36"},{"taxonomy":"product_tag","embeddable":true,"href":"https:\/\/quantenfrosch.at\/shop\/wp-json\/wp\/v2\/product_tag?post=36"}],"curies":[{"name":"wp","href":"https:\/\/api.w.org\/{rel}","templated":true}]}}