{"id":44,"date":"2018-11-14T01:19:17","date_gmt":"2018-11-14T00:19:17","guid":{"rendered":"https:\/\/quantenfrosch.at\/shop\/?post_type=product&#038;p=44"},"modified":"2025-11-08T18:35:48","modified_gmt":"2025-11-08T17:35:48","slug":"wordpress-notfall-support-service","status":"publish","type":"product","link":"https:\/\/quantenfrosch.at\/shop\/produkt\/wordpress-notfall-support-service\/","title":{"rendered":"Wordpress Notfall &#038; Support Service"},"content":{"rendered":"<p>Mit WordPress haben auch unerfahrene Nutzer ihre Webseite ganz einfach im Griff. Doch wie bei allen komplexen Systemen, k\u00f6nnen sich Einstellungen im Programm in die Quere kommen. Ein neues Plug-In, ein Update der Software, ein Verbindungs- oder Anwenderfehler und <strong>WordPress<\/strong> zeigt <strong>Fehlermeldungen<\/strong> an, die man nicht ohne weiteres versteht. Ein schneller WordPress Support kann helfen, diese Fehler auszumerzen.<\/p>\n<p>&nbsp;<\/p>\n<h2><strong>WordPress reparieren<\/strong> und die <strong>Webseite wiederherstellen<\/strong><\/h2>\n<p>&nbsp;<\/p>\n<p>Wenn Sie eine Fehlermeldung erhalten, Inhalte pl\u00f6tzlich verschwinden oder Bereiche der Website fasch dargestellt werden, ist das WordPress-Notfall-Ticket genau richtig f\u00fcr Sie. Im Preis sind <strong>zwei Stunden Reparatur-Service<\/strong> enthalten. In den meisten F\u00e4llen ist diese Zeit ausreichend, um das Problem zu beheben.<\/p>\n<p>&nbsp;<\/p>\n<h3>Sie sind immer auf der sicheren Seite<\/h3>\n<p>&nbsp;<\/p>\n<p>Sollte der <strong>Kostenvoranschlag<\/strong>, den Sie zu Beginn des Auftrags erhalten, zu einem anderen Ergebnis kommen, und die Reparatur w\u00fcrde l\u00e4nger als zwei Stunden dauern, d\u00fcrfen Sie das WordPress-Notfall-Ticket gegen <strong>Kostenerstattung<\/strong> wieder zur\u00fcckgeben. Das gilt auch f\u00fcr den Fall, dass der Fehler nicht gefunden wird.<\/p>\n<p>&nbsp;<\/p>\n<h3>Bearbeitungszeiten \u00fcbers Ticket hinaus<\/h3>\n<p>&nbsp;<\/p>\n<p>Sie haben bei arbeitsintensiven Reparaturen die M\u00f6glichkeit, weitere Servicezeit zu buchen. Jede angefangene Viertelstunde \u00fcber das Ticket hinaus wird mit 17,50 \u20ac + 20 % Mehrwertsteuer berechnet. Sprechen Sie mich f\u00fcr die Details einfach an!<\/p>\n<p>&nbsp;<\/p>\n<h3>Hilfe bei <strong>Fragen rund um WordPress<\/strong><\/h3>\n<p>&nbsp;<\/p>\n<p>Viele Fragen tauchen erst auf, wenn man mit einem Content Management System wie WordPress arbeitet. Mit dem WordPress-Notfall-Ticket haben Sie den Experten immer an Ihrer Seite. Die zweist\u00fcndige Servicezeit des Tickets k\u00f6nnen Sie auch dazu nutzen, <strong>Fragen<\/strong> zu <strong>stellen<\/strong> und sich <strong>Hilfe<\/strong> zu <strong>holen<\/strong>, wenn Sie mit dem System nicht weiterkommen.<\/p>\n<p>&nbsp;<\/p>\n<h4>Wie geht es nach dem Kauf des WordPress-Notfall-Tickets weiter?<\/h4>\n<p>&nbsp;<\/p>\n<p>Sie erhalten nach der Bestellung eine Best\u00e4tigungsmail mit einem Link zum Auftragsformular, mit dem alle erforderlichen Daten abgefragt werden. Ihre Vorarbeit ist wichtig und spart Zeit und Geld! Je ausf\u00fchrlicher Sie das Problem dokumentieren desto schneller kann der Fehler gefunden werden.<\/p>\n<p>&nbsp;<\/p>\n<p>Jetzt buchen und <strong>Hilfe vom Profi<\/strong> erhalten!<\/p>\n<p class=\"product woocommerce add_to_cart_inline \" style=\"border:4px solid #ccc; padding: 12px;\"><span class=\"woocommerce-Price-amount amount\"><bdi>150,00&nbsp;<span class=\"woocommerce-Price-currencySymbol\">&euro;<\/span><\/bdi><\/span><a href=\"\/shop\/wp-json\/wp\/v2\/product\/44?add-to-cart=44\" aria-describedby=\"woocommerce_loop_add_to_cart_link_describedby_44\" data-quantity=\"1\" class=\"button product_type_simple add_to_cart_button ajax_add_to_cart\" data-product_id=\"44\" data-product_sku=\"0006\" aria-label=\"In den Warenkorb legen: \u201eWordpress Notfall &amp; Support Service\u201c\" rel=\"nofollow\" data-success_message=\"\u201eWordpress Notfall &amp; Support Service\u201c wurde deinem Warenkorb hinzugef\u00fcgt\">In den Warenkorb<\/a>\t<span id=\"woocommerce_loop_add_to_cart_link_describedby_44\" class=\"screen-reader-text\">\n\t\t\t<\/span>\n<\/p>\n","protected":false},"excerpt":{"rendered":"<p>Mit dem <strong>WordPress-Notfall-Ticket<\/strong> haben Sie immer ein St\u00fcck <strong>Sicherheit<\/strong> in der Tasche. Falls <strong>Fehler im System<\/strong> auftreten, stehe ich Ihnen zur Verf\u00fcgung, um <strong>WordPress<\/strong> zu <strong>reparieren<\/strong>. So k\u00f6nnen Sie beruhigt \u00c4nderungen vornehmen, ohne Angst davor zu haben, die Seite zu zerst\u00f6ren. Sie k\u00f6nnen das Ticket auch dazu nutzen, <strong>Fragen zur Arbeit mit WordPress<\/strong> zu stellen. Mit dem Fachmann an Ihrer Seite kann nichts mehr schiefgehen.<\/p>\n","protected":false},"featured_media":96,"template":"","meta":[],"product_brand":[],"product_cat":[32],"product_tag":[43],"class_list":{"0":"post-44","1":"product","2":"type-product","3":"status-publish","4":"has-post-thumbnail","6":"product_cat-wordpress","7":"product_tag-support","9":"first","10":"instock","11":"virtual","12":"taxable","13":"purchasable","14":"product-type-simple"},"_links":{"self":[{"href":"https:\/\/quantenfrosch.at\/shop\/wp-json\/wp\/v2\/product\/44","targetHints":{"allow":["GET"]}}],"collection":[{"href":"https:\/\/quantenfrosch.at\/shop\/wp-json\/wp\/v2\/product"}],"about":[{"href":"https:\/\/quantenfrosch.at\/shop\/wp-json\/wp\/v2\/types\/product"}],"wp:featuredmedia":[{"embeddable":true,"href":"https:\/\/quantenfrosch.at\/shop\/wp-json\/wp\/v2\/media\/96"}],"wp:attachment":[{"href":"https:\/\/quantenfrosch.at\/shop\/wp-json\/wp\/v2\/media?parent=44"}],"wp:term":[{"taxonomy":"product_brand","embeddable":true,"href":"https:\/\/quantenfrosch.at\/shop\/wp-json\/wp\/v2\/product_brand?post=44"},{"taxonomy":"product_cat","embeddable":true,"href":"https:\/\/quantenfrosch.at\/shop\/wp-json\/wp\/v2\/product_cat?post=44"},{"taxonomy":"product_tag","embeddable":true,"href":"https:\/\/quantenfrosch.at\/shop\/wp-json\/wp\/v2\/product_tag?post=44"}],"curies":[{"name":"wp","href":"https:\/\/api.w.org\/{rel}","templated":true}]}}