{"id":48,"date":"2018-11-16T00:30:48","date_gmt":"2018-11-15T23:30:48","guid":{"rendered":"https:\/\/quantenfrosch.at\/shop\/?post_type=product&#038;p=48"},"modified":"2025-11-08T18:33:02","modified_gmt":"2025-11-08T17:33:02","slug":"wordpress-umzugsservice","status":"publish","type":"product","link":"https:\/\/quantenfrosch.at\/shop\/produkt\/wordpress-umzugsservice\/","title":{"rendered":"Wordpress Umzugsservice"},"content":{"rendered":"<p>Manchmal muss man einfach seinen angestammten Platz im Internet verlassen und mit der Webseite umziehen. Sichtbar geschieht das zum Beispiel beim <strong>Wechsel der Webadresse<\/strong>, unsichtbar beim <strong>Wechsel des Webhosters<\/strong>. Der \u201eWordpress Umzugsservice\u201c ist dabei nur ein Sinnbild. Im Grunde wird entweder auf einem anderen Server eine Datenbank f\u00fcr die WordPress-Seite angelegt, oder es wird eine Umleitung eingerichtet, damit die Seite unter einer neuen Adresse erreichbar ist. Im ersten Fall m\u00fcssen die Daten der Webseite \u00fcbertragen werden, im zweiten Fall m\u00fcssen bestimmte Einstellungen vorgenommen werden. Wer sich hier nicht auskennt, vergisst schnell wichtige Details oder wird mit Fragen konfrontiert, die er nicht beantworten kann.<\/p>\n<p>&nbsp;<\/p>\n<h2>Wann muss eine Website umziehen?<\/h2>\n<p>&nbsp;<\/p>\n<p>Eine Webadresse wird in der Regel dann ausgetauscht, wenn sich der Name des Unternehmens \u00e4ndert oder im Rahmen der <strong>Suchmaschinenoptimierung<\/strong> wichtige Suchbegriffe in der Domain untergebracht werden sollen. Vielleicht wird auch nur die <strong>Wunschdomain<\/strong> endlich frei oder es soll ein Name her, der k\u00fcrzer, aussagekr\u00e4ftiger oder passender ist.<\/p>\n<p>&nbsp;<\/p>\n<p>Den Webhoster wechselt man, wenn ein Vertrag ausl\u00e4uft und bessere Angebote vorliegen, oder wenn der alte Webhoster seine Dienstleistungen einstellt. Die Webseite muss dann auf einem anderen Server bei einem anderen Anbieter ihren Platz finden.<\/p>\n<p>&nbsp;<\/p>\n<h3>Was beinhaltet der WordPress Umzugservice?<\/h3>\n<p>&nbsp;<\/p>\n<ul>\n<li>Damit nichts verloren gehen kann, wird Ihre Webseite mit allen Daten gesichert.<\/li>\n<li>Ihre Webseite wird in der Datenbank des neuen Webhosters abgelegt.<\/li>\n<li>Bei einer Umleitung werden alle Eintragungen vorgenommen, damit die alte Seite unter dem neuen Namen aufgerufen werden kann.<\/li>\n<li>Zum Schluss wird eine weitere Sicherungskopie erstellt.<\/li>\n<\/ul>\n<h3><\/h3>\n<h3>M\u00fcssen die <strong>E-Mails<\/strong> auch <strong>umziehen<\/strong>?<\/h3>\n<p>&nbsp;<\/p>\n<p>Bei dem <strong>Wechsel zu einem neuen Webhoster<\/strong> m\u00fcssen in der Regel auch die <strong>E-Mail-Adressen<\/strong> mit <strong>umziehen<\/strong>. Es ist au\u00dferdem wichtig, im Zuge der europ\u00e4ischen Datenschutzgrundverordnung (DSGVO) <strong>Sicherheitsprotokolle<\/strong> einzurichten. Auch diese Services \u00fcbernehme ich gegen Aufpreis gerne f\u00fcr Sie. Sprechen Sie mich einfach an. Ich erstelle Ihnen einen individuellen <strong>Kostenvoranschlag<\/strong> auf Basis des Projektumfangs.<\/p>\n<p>&nbsp;<\/p>\n<p>Sie erhalten nach der Bestellung eine Best\u00e4tigungsmail mit einem Link zum Auftragsformular, mit dem alle erforderlichen Daten abgefragt werden.<\/p>\n<p>&nbsp;<\/p>\n<p><strong>Jetzt buchen und ohne Stress und Frust mit der Website umziehen!<\/strong><\/p>\n<p class=\"product woocommerce add_to_cart_inline \" style=\"border:4px solid #ccc; padding: 12px;\"><del aria-hidden=\"true\"><span class=\"woocommerce-Price-amount amount\"><bdi>140,00&nbsp;<span class=\"woocommerce-Price-currencySymbol\">&euro;<\/span><\/bdi><\/span><\/del> <span class=\"screen-reader-text\">Urspr\u00fcnglicher Preis war: 140,00&nbsp;&euro;<\/span><ins aria-hidden=\"true\"><span class=\"woocommerce-Price-amount amount\"><bdi>120,00&nbsp;<span class=\"woocommerce-Price-currencySymbol\">&euro;<\/span><\/bdi><\/span><\/ins><span class=\"screen-reader-text\">Aktueller Preis ist: 120,00&nbsp;&euro;.<\/span><a href=\"\/shop\/wp-json\/wp\/v2\/product\/48?add-to-cart=48\" aria-describedby=\"woocommerce_loop_add_to_cart_link_describedby_48\" data-quantity=\"1\" class=\"button product_type_simple add_to_cart_button ajax_add_to_cart\" data-product_id=\"48\" data-product_sku=\"0004\" aria-label=\"In den Warenkorb legen: \u201eWordpress Umzugsservice\u201c\" rel=\"nofollow\" data-success_message=\"\u201eWordpress Umzugsservice\u201c wurde deinem Warenkorb hinzugef\u00fcgt\">In den Warenkorb<\/a>\t<span id=\"woocommerce_loop_add_to_cart_link_describedby_48\" class=\"screen-reader-text\">\n\t\t\t<\/span>\n<\/p>\n","protected":false},"excerpt":{"rendered":"<p>Ein Umzug will organisiert werden. Das ist in der virtuellen Welt genauso wie in der Realit\u00e4t. Mit Koffern und Kisten ist es im Internet aber nicht getan. Wenn Sie mit Ihrer <strong>Webseite umziehen<\/strong> wollen, brauchen Sie ein wenig technisches Know-how, sonst ist der Frust vorprogrammiert. Mit meinem <strong>Umzugservice zum Festpreis<\/strong> erhalten Sie <strong>Fachwissen und finanzielle Planungssicherheit<\/strong> in einem Paket.<\/p>\n","protected":false},"featured_media":99,"template":"","meta":[],"product_brand":[],"product_cat":[32],"product_tag":[43],"class_list":{"0":"post-48","1":"product","2":"type-product","3":"status-publish","4":"has-post-thumbnail","6":"product_cat-wordpress","7":"product_tag-support","9":"first","10":"instock","11":"sale","12":"virtual","13":"taxable","14":"purchasable","15":"product-type-simple"},"_links":{"self":[{"href":"https:\/\/quantenfrosch.at\/shop\/wp-json\/wp\/v2\/product\/48","targetHints":{"allow":["GET"]}}],"collection":[{"href":"https:\/\/quantenfrosch.at\/shop\/wp-json\/wp\/v2\/product"}],"about":[{"href":"https:\/\/quantenfrosch.at\/shop\/wp-json\/wp\/v2\/types\/product"}],"wp:featuredmedia":[{"embeddable":true,"href":"https:\/\/quantenfrosch.at\/shop\/wp-json\/wp\/v2\/media\/99"}],"wp:attachment":[{"href":"https:\/\/quantenfrosch.at\/shop\/wp-json\/wp\/v2\/media?parent=48"}],"wp:term":[{"taxonomy":"product_brand","embeddable":true,"href":"https:\/\/quantenfrosch.at\/shop\/wp-json\/wp\/v2\/product_brand?post=48"},{"taxonomy":"product_cat","embeddable":true,"href":"https:\/\/quantenfrosch.at\/shop\/wp-json\/wp\/v2\/product_cat?post=48"},{"taxonomy":"product_tag","embeddable":true,"href":"https:\/\/quantenfrosch.at\/shop\/wp-json\/wp\/v2\/product_tag?post=48"}],"curies":[{"name":"wp","href":"https:\/\/api.w.org\/{rel}","templated":true}]}}